{"id":246,"date":"2026-03-24T12:08:50","date_gmt":"2026-03-24T12:08:50","guid":{"rendered":"https:\/\/foundfirst.de\/?page_id=246"},"modified":"2026-03-24T12:10:02","modified_gmt":"2026-03-24T12:10:02","slug":"impressum","status":"publish","type":"page","link":"https:\/\/foundfirst.de\/de\/impressum\/","title":{"rendered":"Impressum"},"content":{"rendered":"<h3 class=\"wp-block-heading\"><br><br><br>Impressum<\/h3>\n\n\n\n<p><strong>Angaben gem\u00e4\u00df \u00a7 5 DDG<\/strong><\/p>\n\n\n\n<p>Dave Bell<br>Stralsunder Str. 1<br>23879 M\u00f6lln<br>Deutschland<\/p>\n\n\n\n<p>E-Mail:<br>hello@foundfirst.de<br><\/p>\n\n\n\n<p>Umsatzsteuer-Identifikationsnummer gem\u00e4\u00df \u00a7 27a UStG:<br>DE451377477<\/p>\n\n\n\n<p><strong>Verantwortlich f\u00fcr den Inhalt nach \u00a7 18 Abs. 2 MStV:<\/strong><br>Dave Bell<br>Stralsunder Str. 1<br>23879 M\u00f6lln<br>Deutschland<\/p>","protected":false},"excerpt":{"rendered":"<p>Impressum Angaben gem\u00e4\u00df \u00a7 5 DDG Dave BellStralsunder Str. 123879 M\u00f6llnDeutschland E-Mail:hello@foundfirst.de Umsatzsteuer-Identifikationsnummer gem\u00e4\u00df \u00a7 27a UStG:DE451377477 Verantwortlich f\u00fcr den Inhalt nach \u00a7 18 Abs. 2 MStV:Dave BellStralsunder Str. 123879 M\u00f6llnDeutschland<\/p>","protected":false},"author":1,"featured_media":0,"parent":0,"menu_order":0,"comment_status":"closed","ping_status":"open","template":"","meta":{"_kadence_starter_templates_imported_post":false,"_kad_post_transparent":"","_kad_post_title":"","_kad_post_layout":"","_kad_post_sidebar_id":"","_kad_post_content_style":"","_kad_post_vertical_padding":"","_kad_post_feature":"","_kad_post_feature_position":"","_kad_post_header":false,"_kad_post_footer":false,"_kad_post_classname":"","footnotes":""},"class_list":["post-246","page","type-page","status-publish","hentry"],"_links":{"self":[{"href":"https:\/\/foundfirst.de\/de\/wp-json\/wp\/v2\/pages\/246","targetHints":{"allow":["GET"]}}],"collection":[{"href":"https:\/\/foundfirst.de\/de\/wp-json\/wp\/v2\/pages"}],"about":[{"href":"https:\/\/foundfirst.de\/de\/wp-json\/wp\/v2\/types\/page"}],"author":[{"embeddable":true,"href":"https:\/\/foundfirst.de\/de\/wp-json\/wp\/v2\/users\/1"}],"replies":[{"embeddable":true,"href":"https:\/\/foundfirst.de\/de\/wp-json\/wp\/v2\/comments?post=246"}],"version-history":[{"count":4,"href":"https:\/\/foundfirst.de\/de\/wp-json\/wp\/v2\/pages\/246\/revisions"}],"predecessor-version":[{"id":250,"href":"https:\/\/foundfirst.de\/de\/wp-json\/wp\/v2\/pages\/246\/revisions\/250"}],"wp:attachment":[{"href":"https:\/\/foundfirst.de\/de\/wp-json\/wp\/v2\/media?parent=246"}],"curies":[{"name":"wp","href":"https:\/\/api.w.org\/{rel}","templated":true}]}}